{"id":104,"date":"2010-03-04T17:34:23","date_gmt":"2010-03-04T17:34:23","guid":{"rendered":"http:\/\/www.zinshauscompany.com\/cms\/?page_id=104"},"modified":"2014-03-11T14:37:03","modified_gmt":"2014-03-11T14:37:03","slug":"handelsimmobilien","status":"publish","type":"page","link":"https:\/\/www.zinshauscompany.com\/klassisch\/das-suchen-unsere-kunden\/handelsimmobilien\/","title":{"rendered":"B\u00fcroimmobilien"},"content":{"rendered":"<p><strong>B\u00fcroimmobilien<\/strong> mit guter verkehrlicher Anbindung und einem repr\u00e4sentativen Erscheinungsbild. Die Immobilie sollte \u00fcber gewisse Merkmale verf\u00fcgen, wie z. B. eigene Parkpl\u00e4tze im Freien oder in einer Tiefgarage, Fahrstuhl und einen effizienten Schallschutz der B\u00fcros. Idealerweise bietet das Objekt Nutzungsflexibilit\u00e4t f\u00fcr Mietinteressenten aus verschiedenen Branchen.<\/p>\n","protected":false},"excerpt":{"rendered":"<p>B\u00fcroimmobilien mit guter verkehrlicher Anbindung und einem repr\u00e4sentativen Erscheinungsbild. Die Immobilie sollte \u00fcber gewisse Merkmale verf\u00fcgen, wie z. B. eigene Parkpl\u00e4tze im Freien oder in einer Tiefgarage, Fahrstuhl und einen effizienten Schallschutz der B\u00fcros. Idealerweise bietet das Objekt Nutzungsflexibilit\u00e4t f\u00fcr Mietinteressenten aus verschiedenen Branchen.<\/p>\n","protected":false},"author":1,"featured_media":0,"parent":8,"menu_order":0,"comment_status":"open","ping_status":"open","template":"","meta":{"footnotes":""},"class_list":["post-104","page","type-page","status-publish","hentry"],"aioseo_notices":[],"_links":{"self":[{"href":"https:\/\/www.zinshauscompany.com\/klassisch\/wp-json\/wp\/v2\/pages\/104","targetHints":{"allow":["GET"]}}],"collection":[{"href":"https:\/\/www.zinshauscompany.com\/klassisch\/wp-json\/wp\/v2\/pages"}],"about":[{"href":"https:\/\/www.zinshauscompany.com\/klassisch\/wp-json\/wp\/v2\/types\/page"}],"author":[{"embeddable":true,"href":"https:\/\/www.zinshauscompany.com\/klassisch\/wp-json\/wp\/v2\/users\/1"}],"replies":[{"embeddable":true,"href":"https:\/\/www.zinshauscompany.com\/klassisch\/wp-json\/wp\/v2\/comments?post=104"}],"version-history":[{"count":7,"href":"https:\/\/www.zinshauscompany.com\/klassisch\/wp-json\/wp\/v2\/pages\/104\/revisions"}],"predecessor-version":[{"id":1355,"href":"https:\/\/www.zinshauscompany.com\/klassisch\/wp-json\/wp\/v2\/pages\/104\/revisions\/1355"}],"up":[{"embeddable":true,"href":"https:\/\/www.zinshauscompany.com\/klassisch\/wp-json\/wp\/v2\/pages\/8"}],"wp:attachment":[{"href":"https:\/\/www.zinshauscompany.com\/klassisch\/wp-json\/wp\/v2\/media?parent=104"}],"curies":[{"name":"wp","href":"https:\/\/api.w.org\/{rel}","templated":true}]}}