{"id":1325,"date":"2014-02-21T11:17:00","date_gmt":"2014-02-21T11:17:00","guid":{"rendered":"http:\/\/www.zinshauscompany.com\/klassisch\/?page_id=1325"},"modified":"2014-05-27T14:53:15","modified_gmt":"2014-05-27T14:53:15","slug":"einkaufs-und-fachmarktzentren","status":"publish","type":"page","link":"https:\/\/www.zinshauscompany.com\/klassisch\/das-suchen-unsere-kunden\/einkaufs-und-fachmarktzentren\/","title":{"rendered":"Einkaufs- und Fachmarktzentren"},"content":{"rendered":"<p><strong>Einkaufs- und Fachmarktzentren<\/strong> in guter oder sehr guter Lage, die eine optimale verkehrliche Anbindung f\u00fcr verschiedene Verkehrstr\u00e4ger (PKW, Bus etc.) gew\u00e4hrleisten und \u00fcber ein gro\u00dfz\u00fcgiges Parkplatzangebot verf\u00fcgen. Der Einzelhandelsbesatz sollte ausgewogen sein, sodass den Kunden ein breites Warenangebot unterschiedlicher Einzelhandelsbranchen am Standort pr\u00e4sentiert werden kann.<\/p>\n","protected":false},"excerpt":{"rendered":"<p>Einkaufs- und Fachmarktzentren in guter oder sehr guter Lage, die eine optimale verkehrliche Anbindung f\u00fcr verschiedene Verkehrstr\u00e4ger (PKW, Bus etc.) gew\u00e4hrleisten und \u00fcber ein gro\u00dfz\u00fcgiges Parkplatzangebot verf\u00fcgen. Der Einzelhandelsbesatz sollte ausgewogen sein, sodass den Kunden ein breites Warenangebot unterschiedlicher Einzelhandelsbranchen am Standort pr\u00e4sentiert werden kann.<\/p>\n","protected":false},"author":1,"featured_media":0,"parent":8,"menu_order":0,"comment_status":"closed","ping_status":"closed","template":"","meta":{"footnotes":""},"class_list":["post-1325","page","type-page","status-publish","hentry"],"aioseo_notices":[],"_links":{"self":[{"href":"https:\/\/www.zinshauscompany.com\/klassisch\/wp-json\/wp\/v2\/pages\/1325","targetHints":{"allow":["GET"]}}],"collection":[{"href":"https:\/\/www.zinshauscompany.com\/klassisch\/wp-json\/wp\/v2\/pages"}],"about":[{"href":"https:\/\/www.zinshauscompany.com\/klassisch\/wp-json\/wp\/v2\/types\/page"}],"author":[{"embeddable":true,"href":"https:\/\/www.zinshauscompany.com\/klassisch\/wp-json\/wp\/v2\/users\/1"}],"replies":[{"embeddable":true,"href":"https:\/\/www.zinshauscompany.com\/klassisch\/wp-json\/wp\/v2\/comments?post=1325"}],"version-history":[{"count":4,"href":"https:\/\/www.zinshauscompany.com\/klassisch\/wp-json\/wp\/v2\/pages\/1325\/revisions"}],"predecessor-version":[{"id":1398,"href":"https:\/\/www.zinshauscompany.com\/klassisch\/wp-json\/wp\/v2\/pages\/1325\/revisions\/1398"}],"up":[{"embeddable":true,"href":"https:\/\/www.zinshauscompany.com\/klassisch\/wp-json\/wp\/v2\/pages\/8"}],"wp:attachment":[{"href":"https:\/\/www.zinshauscompany.com\/klassisch\/wp-json\/wp\/v2\/media?parent=1325"}],"curies":[{"name":"wp","href":"https:\/\/api.w.org\/{rel}","templated":true}]}}