{"id":17,"date":"2010-03-02T11:14:20","date_gmt":"2010-03-02T11:14:20","guid":{"rendered":"http:\/\/www.zinshauscompany.com\/cms\/?page_id=17"},"modified":"2010-03-04T18:05:09","modified_gmt":"2010-03-04T18:05:09","slug":"warum-zinshauscompany","status":"publish","type":"page","link":"https:\/\/www.zinshauscompany.com\/klassisch\/uber-uns\/warum-zinshauscompany\/","title":{"rendered":"Warum ZinshausCompany?"},"content":{"rendered":"<h2>Warum Zinshaus<span style=\"color: #ff0000;\">Company<\/span>?<\/h2>\n<ul>\n<li>Die Vermittlung und Vermarktung von Mehrfamilien-, Wohn- und Gesch\u00e4ftsh\u00e4usern, sowie  Immobilien-Portfolien geh\u00f6rt zu unserem Kerngesch\u00e4ft.<\/li>\n<li>Ihnen steht ein Team von Immobilienspezialisten mit entsprechender Ausbildung und Berufserfahrung zur Verf\u00fcgung.<\/li>\n<li>Hard- und Software befinden sich stets auf dem neuesten Stand. Wir arbeiten mit der in Deutschland marktf\u00fchrenden Maklersoftware Flowfact, mit den entsprechenden Schnittstellen zu zahlreichen Partnern aus der Immobilienwirtschaft.<\/li>\n<li>Unsere Mitarbeiter werden st\u00e4ndig durch einen Push-Dienst online mit allen notwendigen Informationen zu ihren Arbeitsabl\u00e4ufen informiert.<\/li>\n<\/ul>\n","protected":false},"excerpt":{"rendered":"<p>Warum ZinshausCompany? Die Vermittlung und Vermarktung von Mehrfamilien-, Wohn- und Gesch\u00e4ftsh\u00e4usern, sowie Immobilien-Portfolien geh\u00f6rt zu unserem Kerngesch\u00e4ft. Ihnen steht ein Team von Immobilienspezialisten mit entsprechender Ausbildung und Berufserfahrung zur Verf\u00fcgung. Hard- und Software befinden sich stets auf dem neuesten Stand. Wir arbeiten mit der in Deutschland marktf\u00fchrenden Maklersoftware Flowfact, mit den entsprechenden Schnittstellen zu zahlreichen [&hellip;]<\/p>\n","protected":false},"author":1,"featured_media":0,"parent":6,"menu_order":0,"comment_status":"open","ping_status":"open","template":"","meta":{"footnotes":""},"class_list":["post-17","page","type-page","status-publish","hentry"],"aioseo_notices":[],"_links":{"self":[{"href":"https:\/\/www.zinshauscompany.com\/klassisch\/wp-json\/wp\/v2\/pages\/17","targetHints":{"allow":["GET"]}}],"collection":[{"href":"https:\/\/www.zinshauscompany.com\/klassisch\/wp-json\/wp\/v2\/pages"}],"about":[{"href":"https:\/\/www.zinshauscompany.com\/klassisch\/wp-json\/wp\/v2\/types\/page"}],"author":[{"embeddable":true,"href":"https:\/\/www.zinshauscompany.com\/klassisch\/wp-json\/wp\/v2\/users\/1"}],"replies":[{"embeddable":true,"href":"https:\/\/www.zinshauscompany.com\/klassisch\/wp-json\/wp\/v2\/comments?post=17"}],"version-history":[{"count":7,"href":"https:\/\/www.zinshauscompany.com\/klassisch\/wp-json\/wp\/v2\/pages\/17\/revisions"}],"predecessor-version":[{"id":39,"href":"https:\/\/www.zinshauscompany.com\/klassisch\/wp-json\/wp\/v2\/pages\/17\/revisions\/39"}],"up":[{"embeddable":true,"href":"https:\/\/www.zinshauscompany.com\/klassisch\/wp-json\/wp\/v2\/pages\/6"}],"wp:attachment":[{"href":"https:\/\/www.zinshauscompany.com\/klassisch\/wp-json\/wp\/v2\/media?parent=17"}],"curies":[{"name":"wp","href":"https:\/\/api.w.org\/{rel}","templated":true}]}}