{"id":371,"date":"2011-04-15T10:04:44","date_gmt":"2011-04-15T10:04:44","guid":{"rendered":"http:\/\/www.zinshauscompany.com\/cms\/?page_id=371"},"modified":"2012-10-01T10:40:36","modified_gmt":"2012-10-01T10:40:36","slug":"verkaufen","status":"publish","type":"page","link":"https:\/\/www.zinshauscompany.com\/klassisch\/infos\/verkaufen\/","title":{"rendered":"Marktpreiseinsch\u00e4tzung"},"content":{"rendered":"<p>Unser Team besteht aus ausgebildeten Immobilienfachleuten und wir ermitteln den\u00a0aktuellen Marktwert Ihrer Immobilie. Hierzu ben\u00f6tigen wir die folgenden Informationen:<\/p>\n<p>Falls Sie hierzu Fragen haben, stehen wir Ihnen gern unter 0 231 \u2013 952 969 0 zur Verf\u00fcgung<\/p>\n<p>&nbsp;<\/p>\n\n<div class=\"wpcf7 no-js\" id=\"wpcf7-f442-o1\" lang=\"en-US\" dir=\"ltr\" data-wpcf7-id=\"442\">\n<div class=\"screen-reader-response\"><p role=\"status\" aria-live=\"polite\" aria-atomic=\"true\"><\/p> <ul><\/ul><\/div>\n<form action=\"\/klassisch\/wp-json\/wp\/v2\/pages\/371#wpcf7-f442-o1\" method=\"post\" class=\"wpcf7-form init\" aria-label=\"Contact form\" novalidate=\"novalidate\" data-status=\"init\">\n<fieldset class=\"hidden-fields-container\"><input type=\"hidden\" name=\"_wpcf7\" value=\"442\" \/><input type=\"hidden\" name=\"_wpcf7_version\" value=\"6.1.5\" \/><input type=\"hidden\" name=\"_wpcf7_locale\" value=\"en_US\" \/><input type=\"hidden\" name=\"_wpcf7_unit_tag\" value=\"wpcf7-f442-o1\" \/><input type=\"hidden\" name=\"_wpcf7_container_post\" value=\"0\" \/><input type=\"hidden\" name=\"_wpcf7_posted_data_hash\" value=\"\" \/><input type=\"hidden\" name=\"_wpcf7_recaptcha_response\" value=\"\" \/>\n<\/fieldset>\n<table>\n\t<tbody>\n\t\t<tr>\n\t\t\t<td>\n\t\t\t\t<p>Anrede*\n\t\t\t\t<\/p>\n\t\t\t<\/td>\n\t\t\t<td>\n\t\t\t\t<p><span class=\"wpcf7-form-control-wrap\" data-name=\"Anrede\"><select class=\"wpcf7-form-control wpcf7-select wpcf7-validates-as-required\" aria-required=\"true\" aria-invalid=\"false\" name=\"Anrede\"><option value=\"Herr\">Herr<\/option><option value=\"Frau\">Frau<\/option><\/select><\/span>\n\t\t\t\t<\/p>\n\t\t\t<\/td>\n\t\t<\/tr>\n\t\t<tr>\n\t\t\t<td>\n\t\t\t\t<p>Titel\n\t\t\t\t<\/p>\n\t\t\t<\/td>\n\t\t\t<td>\n\t\t\t\t<p><span class=\"wpcf7-form-control-wrap\" data-name=\"Titel\"><input size=\"40\" maxlength=\"400\" class=\"wpcf7-form-control wpcf7-text\" aria-invalid=\"false\" value=\"\" type=\"text\" name=\"Titel\" \/><\/span>\n\t\t\t\t<\/p>\n\t\t\t<\/td>\n\t\t<\/tr>\n\t\t<tr>\n\t\t\t<td>\n\t\t\t\t<p>Vorname*\n\t\t\t\t<\/p>\n\t\t\t<\/td>\n\t\t\t<td>\n\t\t\t\t<p><span class=\"wpcf7-form-control-wrap\" data-name=\"Vorname\"><input size=\"40\" maxlength=\"400\" class=\"wpcf7-form-control wpcf7-text wpcf7-validates-as-required\" aria-required=\"true\" aria-invalid=\"false\" value=\"\" type=\"text\" name=\"Vorname\" \/><\/span>\n\t\t\t\t<\/p>\n\t\t\t<\/td>\n\t\t<\/tr>\n\t\t<tr>\n\t\t\t<td>\n\t\t\t\t<p>Name*\n\t\t\t\t<\/p>\n\t\t\t<\/td>\n\t\t\t<td>\n\t\t\t\t<p><span class=\"wpcf7-form-control-wrap\" data-name=\"your-name\"><input size=\"40\" maxlength=\"400\" class=\"wpcf7-form-control wpcf7-text wpcf7-validates-as-required\" aria-required=\"true\" aria-invalid=\"false\" value=\"\" type=\"text\" name=\"your-name\" \/><\/span>\n\t\t\t\t<\/p>\n\t\t\t<\/td>\n\t\t<\/tr>\n\t\t<tr>\n\t\t\t<td>\n\t\t\t\t<p>Strasse, Nr.*\n\t\t\t\t<\/p>\n\t\t\t<\/td>\n\t\t\t<td>\n\t\t\t\t<p><span class=\"wpcf7-form-control-wrap\" data-name=\"Strasse\"><input size=\"30\" maxlength=\"400\" class=\"wpcf7-form-control wpcf7-text wpcf7-validates-as-required\" aria-required=\"true\" aria-invalid=\"false\" value=\"\" type=\"text\" name=\"Strasse\" \/><\/span><span class=\"wpcf7-form-control-wrap\" data-name=\"Nr\"><input size=\"5\" maxlength=\"400\" class=\"wpcf7-form-control wpcf7-text wpcf7-validates-as-required\" aria-required=\"true\" aria-invalid=\"false\" value=\"\" type=\"text\" name=\"Nr\" \/><\/span>\n\t\t\t\t<\/p>\n\t\t\t<\/td>\n\t\t<\/tr>\n\t\t<tr>\n\t\t\t<td>\n\t\t\t\t<p>PLZ, Ort*\n\t\t\t\t<\/p>\n\t\t\t<\/td>\n\t\t\t<td>\n\t\t\t\t<p><span class=\"wpcf7-form-control-wrap\" data-name=\"PLZ\"><input size=\"5\" maxlength=\"400\" class=\"wpcf7-form-control wpcf7-text wpcf7-validates-as-required\" aria-required=\"true\" aria-invalid=\"false\" value=\"\" type=\"text\" name=\"PLZ\" \/><\/span><span class=\"wpcf7-form-control-wrap\" data-name=\"Ort\"><input size=\"30\" maxlength=\"400\" class=\"wpcf7-form-control wpcf7-text wpcf7-validates-as-required\" aria-required=\"true\" aria-invalid=\"false\" value=\"\" type=\"text\" name=\"Ort\" \/><\/span>\n\t\t\t\t<\/p>\n\t\t\t<\/td>\n\t\t<\/tr>\n\t\t<tr>\n\t\t\t<td>\n\t\t\t\t<p>Land\n\t\t\t\t<\/p>\n\t\t\t<\/td>\n\t\t\t<td>\n\t\t\t\t<p><span class=\"wpcf7-form-control-wrap\" data-name=\"Land\"><input size=\"40\" maxlength=\"400\" class=\"wpcf7-form-control wpcf7-text\" aria-invalid=\"false\" value=\"\" type=\"text\" name=\"Land\" \/><\/span>\n\t\t\t\t<\/p>\n\t\t\t<\/td>\n\t\t<\/tr>\n\t\t<tr>\n\t\t\t<td>\n\t\t\t\t<p>Telefon*\n\t\t\t\t<\/p>\n\t\t\t<\/td>\n\t\t\t<td>\n\t\t\t\t<p><span class=\"wpcf7-form-control-wrap\" data-name=\"Telefon\"><input size=\"40\" maxlength=\"400\" class=\"wpcf7-form-control wpcf7-text wpcf7-validates-as-required\" aria-required=\"true\" aria-invalid=\"false\" value=\"\" type=\"text\" name=\"Telefon\" \/><\/span>\n\t\t\t\t<\/p>\n\t\t\t<\/td>\n\t\t<\/tr>\n\t\t<tr>\n\t\t\t<td>\n\t\t\t\t<p>Email*\n\t\t\t\t<\/p>\n\t\t\t<\/td>\n\t\t\t<td>\n\t\t\t\t<p><span class=\"wpcf7-form-control-wrap\" data-name=\"your-email\"><input size=\"40\" maxlength=\"400\" class=\"wpcf7-form-control wpcf7-email wpcf7-validates-as-required wpcf7-text wpcf7-validates-as-email\" aria-required=\"true\" aria-invalid=\"false\" value=\"\" type=\"email\" name=\"your-email\" \/><\/span>\n\t\t\t\t<\/p>\n\t\t\t<\/td>\n\t\t<\/tr>\n\t\t<tr>\n\t\t\t<td>\n\t\t\t\t<p>Objektdaten:\n\t\t\t\t<\/p>\n\t\t\t<\/td>\n\t\t\t<td>\n\t\t\t<\/td>\n\t\t<\/tr>\n\t\t<tr>\n\t\t\t<td>\n\t\t\t\t<p>Objektart\n\t\t\t\t<\/p>\n\t\t\t<\/td>\n\t\t\t<td>\n\t\t\t\t<p><span class=\"wpcf7-form-control-wrap\" data-name=\"Objektart\"><select class=\"wpcf7-form-control wpcf7-select\" aria-invalid=\"false\" name=\"Objektart\"><option value=\"Wohnung\">Wohnung<\/option><option value=\"Einfamilienhaus\">Einfamilienhaus<\/option><option value=\"Mehrfamilienhaus\">Mehrfamilienhaus<\/option><option value=\"Wohn- und Gesch\u00e4ftshaus\">Wohn- und Gesch\u00e4ftshaus<\/option><option value=\"B\u00fcroimmobilie\">B\u00fcroimmobilie<\/option><option value=\"Andere\">Andere<\/option><\/select><\/span>\n\t\t\t\t<\/p>\n\t\t\t<\/td>\n\t\t<\/tr>\n\t\t<tr>\n\t\t\t<td>\n\t\t\t\t<p>Baujahr\n\t\t\t\t<\/p>\n\t\t\t<\/td>\n\t\t\t<td>\n\t\t\t\t<p><span class=\"wpcf7-form-control-wrap\" data-name=\"Baujahr\"><input size=\"40\" maxlength=\"400\" class=\"wpcf7-form-control wpcf7-text\" aria-invalid=\"false\" value=\"\" type=\"text\" name=\"Baujahr\" \/><\/span>\n\t\t\t\t<\/p>\n\t\t\t<\/td>\n\t\t<\/tr>\n\t\t<tr>\n\t\t\t<td>\n\t\t\t\t<p>Zustand\n\t\t\t\t<\/p>\n\t\t\t<\/td>\n\t\t\t<td>\n\t\t\t\t<p><span class=\"wpcf7-form-control-wrap\" data-name=\"Zustand\"><select class=\"wpcf7-form-control wpcf7-select\" aria-invalid=\"false\" name=\"Zustand\"><option value=\"sehr gut\">sehr gut<\/option><option value=\"gut\">gut<\/option><option value=\"mittel\">mittel<\/option><option value=\"renovierungsbed\u00fcrftig\">renovierungsbed\u00fcrftig<\/option><\/select><\/span>\n\t\t\t\t<\/p>\n\t\t\t<\/td>\n\t\t<\/tr>\n\t\t<tr>\n\t\t\t<td>\n\t\t\t\t<p>Adresse des Objektes\n\t\t\t\t<\/p>\n\t\t\t<\/td>\n\t\t\t<td>\n\t\t\t\t<p><span class=\"wpcf7-form-control-wrap\" data-name=\"adostrasse\"><input size=\"30\" maxlength=\"400\" class=\"wpcf7-form-control wpcf7-text\" aria-invalid=\"false\" value=\"\" type=\"text\" name=\"adostrasse\" \/><\/span><span class=\"wpcf7-form-control-wrap\" data-name=\"adonr\"><input size=\"5\" maxlength=\"400\" class=\"wpcf7-form-control wpcf7-text\" aria-invalid=\"false\" value=\"\" type=\"text\" name=\"adonr\" \/><\/span>\n\t\t\t\t<\/p>\n\t\t\t<\/td>\n\t\t<\/tr>\n\t\t<tr>\n\t\t\t<td>\n\t\t\t\t<p>PLZ, Ort\n\t\t\t\t<\/p>\n\t\t\t<\/td>\n\t\t\t<td>\n\t\t\t\t<p><span class=\"wpcf7-form-control-wrap\" data-name=\"adoplz\"><input size=\"5\" maxlength=\"400\" class=\"wpcf7-form-control wpcf7-text\" aria-invalid=\"false\" value=\"\" type=\"text\" name=\"adoplz\" \/><\/span><span class=\"wpcf7-form-control-wrap\" data-name=\"adoort\"><input size=\"30\" maxlength=\"400\" class=\"wpcf7-form-control wpcf7-text\" aria-invalid=\"false\" value=\"\" type=\"text\" name=\"adoort\" \/><\/span>\n\t\t\t\t<\/p>\n\t\t\t<\/td>\n\t\t<\/tr>\n\t\t<tr>\n\t\t\t<td>\n\t\t\t\t<p>Grundst\u00fccksgr\u00f6\u00dfe\n\t\t\t\t<\/p>\n\t\t\t<\/td>\n\t\t\t<td>\n\t\t\t\t<p><span class=\"wpcf7-form-control-wrap\" data-name=\"Grundstcksgre\"><input size=\"40\" maxlength=\"400\" class=\"wpcf7-form-control wpcf7-text\" aria-invalid=\"false\" value=\"\" type=\"text\" name=\"Grundstcksgre\" \/><\/span>\n\t\t\t\t<\/p>\n\t\t\t<\/td>\n\t\t<\/tr>\n\t\t<tr>\n\t\t\t<td>\n\t\t\t\t<p>Wohnfl\u00e4che\n\t\t\t\t<\/p>\n\t\t\t<\/td>\n\t\t\t<td>\n\t\t\t\t<p><span class=\"wpcf7-form-control-wrap\" data-name=\"Wohnflche\"><input size=\"40\" maxlength=\"400\" class=\"wpcf7-form-control wpcf7-text\" aria-invalid=\"false\" value=\"\" type=\"text\" name=\"Wohnflche\" \/><\/span>\n\t\t\t\t<\/p>\n\t\t\t<\/td>\n\t\t<\/tr>\n\t\t<tr>\n\t\t\t<td>\n\t\t\t\t<p>Monatlichen Mieteinnahmen (netto)\n\t\t\t\t<\/p>\n\t\t\t<\/td>\n\t\t\t<td>\n\t\t\t\t<p><span class=\"wpcf7-form-control-wrap\" data-name=\"Mieteinnahmen\"><input size=\"40\" maxlength=\"400\" class=\"wpcf7-form-control wpcf7-text\" aria-invalid=\"false\" value=\"\" type=\"text\" name=\"Mieteinnahmen\" \/><\/span>\n\t\t\t\t<\/p>\n\t\t\t<\/td>\n\t\t<\/tr>\n\t\t<tr>\n\t\t\t<td>\n\t\t\t<\/td>\n\t\t\t<td>\n\t\t\t\n\t\t\t<\/td>\n\t\t<\/tr>\n\t\t<tr>\n\t\t\t<td>\n\t\t\t<\/td>\n\t\t\t<td>\n\t\t\t\t<p><input class=\"wpcf7-form-control wpcf7-submit has-spinner\" type=\"submit\" value=\"Senden\" \/>\n\t\t\t\t<\/p>\n\t\t\t<\/td>\n\t\t<\/tr>\n\t<\/tbody>\n<\/table><div class=\"wpcf7-response-output\" aria-hidden=\"true\"><\/div>\n<\/form>\n<\/div>\n\n","protected":false},"excerpt":{"rendered":"<p>Unser Team besteht aus ausgebildeten Immobilienfachleuten und wir ermitteln den\u00a0aktuellen Marktwert Ihrer Immobilie. Hierzu ben\u00f6tigen wir die folgenden Informationen: Falls Sie hierzu Fragen haben, stehen wir Ihnen gern unter 0 231 \u2013 952 969 0 zur Verf\u00fcgung &nbsp;<\/p>\n","protected":false},"author":1,"featured_media":0,"parent":10,"menu_order":0,"comment_status":"open","ping_status":"closed","template":"","meta":{"footnotes":""},"class_list":["post-371","page","type-page","status-publish","hentry"],"aioseo_notices":[],"_links":{"self":[{"href":"https:\/\/www.zinshauscompany.com\/klassisch\/wp-json\/wp\/v2\/pages\/371","targetHints":{"allow":["GET"]}}],"collection":[{"href":"https:\/\/www.zinshauscompany.com\/klassisch\/wp-json\/wp\/v2\/pages"}],"about":[{"href":"https:\/\/www.zinshauscompany.com\/klassisch\/wp-json\/wp\/v2\/types\/page"}],"author":[{"embeddable":true,"href":"https:\/\/www.zinshauscompany.com\/klassisch\/wp-json\/wp\/v2\/users\/1"}],"replies":[{"embeddable":true,"href":"https:\/\/www.zinshauscompany.com\/klassisch\/wp-json\/wp\/v2\/comments?post=371"}],"version-history":[{"count":7,"href":"https:\/\/www.zinshauscompany.com\/klassisch\/wp-json\/wp\/v2\/pages\/371\/revisions"}],"predecessor-version":[{"id":374,"href":"https:\/\/www.zinshauscompany.com\/klassisch\/wp-json\/wp\/v2\/pages\/371\/revisions\/374"}],"up":[{"embeddable":true,"href":"https:\/\/www.zinshauscompany.com\/klassisch\/wp-json\/wp\/v2\/pages\/10"}],"wp:attachment":[{"href":"https:\/\/www.zinshauscompany.com\/klassisch\/wp-json\/wp\/v2\/media?parent=371"}],"curies":[{"name":"wp","href":"https:\/\/api.w.org\/{rel}","templated":true}]}}