{"id":6,"date":"2010-03-02T11:11:33","date_gmt":"2010-03-02T11:11:33","guid":{"rendered":"http:\/\/www.zinshauscompany.com\/cms\/?page_id=6"},"modified":"2014-02-19T10:16:41","modified_gmt":"2014-02-19T10:16:41","slug":"uber-uns","status":"publish","type":"page","link":"https:\/\/www.zinshauscompany.com\/klassisch\/uber-uns\/","title":{"rendered":"\u00dcber uns"},"content":{"rendered":"<h2>\u00dcber uns<\/h2>\n<p>Die ZinshausCompany ist ein national t\u00e4tiges Beratungs- und Vermittlungsunternehmen f\u00fcr Gewerbeimmobilien. Der regionale Schwerpunkt unserer T\u00e4tigkeit liegt in Nordrhein-Westfalen.<\/p>\n<p>In den Segmenten Mehrfamilienh\u00e4user, Wohn- und Gesch\u00e4ftsh\u00e4user, sowie Portfoliohandel verf\u00fcgen  die Immobilienberater der ZinshausCompany \u00fcber fundiertes Fachwissen und tragen den Anspr\u00fcchen unserer Kunden konsequent Rechnung.<\/p>\n","protected":false},"excerpt":{"rendered":"<p>\u00dcber uns Die ZinshausCompany ist ein national t\u00e4tiges Beratungs- und Vermittlungsunternehmen f\u00fcr Gewerbeimmobilien. Der regionale Schwerpunkt unserer T\u00e4tigkeit liegt in Nordrhein-Westfalen. In den Segmenten Mehrfamilienh\u00e4user, Wohn- und Gesch\u00e4ftsh\u00e4user, sowie Portfoliohandel verf\u00fcgen die Immobilienberater der ZinshausCompany \u00fcber fundiertes Fachwissen und tragen den Anspr\u00fcchen unserer Kunden konsequent Rechnung.<\/p>\n","protected":false},"author":1,"featured_media":0,"parent":0,"menu_order":0,"comment_status":"open","ping_status":"open","template":"","meta":{"footnotes":""},"class_list":["post-6","page","type-page","status-publish","hentry"],"aioseo_notices":[],"_links":{"self":[{"href":"https:\/\/www.zinshauscompany.com\/klassisch\/wp-json\/wp\/v2\/pages\/6","targetHints":{"allow":["GET"]}}],"collection":[{"href":"https:\/\/www.zinshauscompany.com\/klassisch\/wp-json\/wp\/v2\/pages"}],"about":[{"href":"https:\/\/www.zinshauscompany.com\/klassisch\/wp-json\/wp\/v2\/types\/page"}],"author":[{"embeddable":true,"href":"https:\/\/www.zinshauscompany.com\/klassisch\/wp-json\/wp\/v2\/users\/1"}],"replies":[{"embeddable":true,"href":"https:\/\/www.zinshauscompany.com\/klassisch\/wp-json\/wp\/v2\/comments?post=6"}],"version-history":[{"count":5,"href":"https:\/\/www.zinshauscompany.com\/klassisch\/wp-json\/wp\/v2\/pages\/6\/revisions"}],"predecessor-version":[{"id":109,"href":"https:\/\/www.zinshauscompany.com\/klassisch\/wp-json\/wp\/v2\/pages\/6\/revisions\/109"}],"wp:attachment":[{"href":"https:\/\/www.zinshauscompany.com\/klassisch\/wp-json\/wp\/v2\/media?parent=6"}],"curies":[{"name":"wp","href":"https:\/\/api.w.org\/{rel}","templated":true}]}}