{"id":97,"date":"2010-03-04T17:32:53","date_gmt":"2010-03-04T17:32:53","guid":{"rendered":"http:\/\/www.zinshauscompany.com\/cms\/?page_id=97"},"modified":"2014-02-21T11:20:03","modified_gmt":"2014-02-21T11:20:03","slug":"wohnanlagen","status":"publish","type":"page","link":"https:\/\/www.zinshauscompany.com\/klassisch\/das-suchen-unsere-kunden\/wohnanlagen\/","title":{"rendered":"Wohnanlagen"},"content":{"rendered":"<p><strong>Wohnanlagen<\/strong> deutschlandweit mit einem Kaufpreisvolumen ab 2 Mio. \u20ac. In Gro\u00dfst\u00e4dten ab 100.000 Einwohnern gibt es f\u00fcr unsere Kunden kein Kaufpreislimit. <\/p>\n","protected":false},"excerpt":{"rendered":"<p>Wohnanlagen deutschlandweit mit einem Kaufpreisvolumen ab 2 Mio. \u20ac. In Gro\u00dfst\u00e4dten ab 100.000 Einwohnern gibt es f\u00fcr unsere Kunden kein Kaufpreislimit.<\/p>\n","protected":false},"author":1,"featured_media":0,"parent":8,"menu_order":0,"comment_status":"open","ping_status":"open","template":"","meta":{"footnotes":""},"class_list":["post-97","page","type-page","status-publish","hentry"],"aioseo_notices":[],"_links":{"self":[{"href":"https:\/\/www.zinshauscompany.com\/klassisch\/wp-json\/wp\/v2\/pages\/97","targetHints":{"allow":["GET"]}}],"collection":[{"href":"https:\/\/www.zinshauscompany.com\/klassisch\/wp-json\/wp\/v2\/pages"}],"about":[{"href":"https:\/\/www.zinshauscompany.com\/klassisch\/wp-json\/wp\/v2\/types\/page"}],"author":[{"embeddable":true,"href":"https:\/\/www.zinshauscompany.com\/klassisch\/wp-json\/wp\/v2\/users\/1"}],"replies":[{"embeddable":true,"href":"https:\/\/www.zinshauscompany.com\/klassisch\/wp-json\/wp\/v2\/comments?post=97"}],"version-history":[{"count":8,"href":"https:\/\/www.zinshauscompany.com\/klassisch\/wp-json\/wp\/v2\/pages\/97\/revisions"}],"predecessor-version":[{"id":1333,"href":"https:\/\/www.zinshauscompany.com\/klassisch\/wp-json\/wp\/v2\/pages\/97\/revisions\/1333"}],"up":[{"embeddable":true,"href":"https:\/\/www.zinshauscompany.com\/klassisch\/wp-json\/wp\/v2\/pages\/8"}],"wp:attachment":[{"href":"https:\/\/www.zinshauscompany.com\/klassisch\/wp-json\/wp\/v2\/media?parent=97"}],"curies":[{"name":"wp","href":"https:\/\/api.w.org\/{rel}","templated":true}]}}